{"id":18,"date":"2026-04-11T20:22:52","date_gmt":"2026-04-11T17:22:52","guid":{"rendered":"https:\/\/yuki-it.biz\/?page_id=18"},"modified":"2026-04-11T20:22:52","modified_gmt":"2026-04-11T17:22:52","slug":"donanim-ve-yazilim","status":"publish","type":"page","link":"https:\/\/yuki-it.biz\/index.php\/hizmetler\/donanim-ve-yazilim\/","title":{"rendered":"Donan\u0131m ve yaz\u0131l\u0131m"},"content":{"rendered":"<p data-start=\"64\" data-end=\"229\">T\u00fcm \u00fcr\u00fcnler \u2014 monit\u00f6r, yaz\u0131c\u0131, taray\u0131c\u0131 gibi komple sistemlerden \u00e7e\u015fitli aksesuar \u00fcr\u00fcnlerine kadar \u2014 ayr\u0131ca t\u00fcm bile\u015fenler tek tek olmak \u00fczere, firmam\u0131zda mevcuttur.<\/p>\n<p data-start=\"231\" data-end=\"380\">Ba\u011f\u0131ms\u0131z bir bili\u015fim hizmet sa\u011flay\u0131c\u0131s\u0131 olarak g\u00f6revimiz, mevcut geni\u015f donan\u0131m ve yaz\u0131l\u0131m yelpazesi i\u00e7inden sizin i\u00e7in en uygun \u00e7\u00f6z\u00fcm\u00fc olu\u015fturmakt\u0131r.<\/p>\n<ul data-start=\"382\" data-end=\"470\">\n<li data-start=\"382\" data-end=\"400\">\n<p data-start=\"384\" data-end=\"400\">h\u0131zl\u0131 teslimat<\/p>\n<\/li>\n<li data-start=\"401\" data-end=\"416\">\n<p data-start=\"403\" data-end=\"416\">uygun fiyat<\/p>\n<\/li>\n<li data-start=\"417\" data-end=\"452\">\n<p data-start=\"419\" data-end=\"452\">tek elden servis ve dan\u0131\u015fmanl\u0131k<\/p>\n<\/li>\n<li data-start=\"453\" data-end=\"470\">\n<p data-start=\"455\" data-end=\"470\">size yak\u0131nl\u0131k<\/p>\n<\/li>\n<\/ul>\n","protected":false},"excerpt":{"rendered":"<p>T\u00fcm \u00fcr\u00fcnler \u2014 monit\u00f6r, yaz\u0131c\u0131, taray\u0131c\u0131 gibi komple sistemlerden \u00e7e\u015fitli aksesuar \u00fcr\u00fcnlerine kadar \u2014 ayr\u0131ca t\u00fcm bile\u015fenler tek tek olmak \u00fczere, firmam\u0131zda mevcuttur. Ba\u011f\u0131ms\u0131z bir bili\u015fim hizmet sa\u011flay\u0131c\u0131s\u0131 olarak g\u00f6revimiz, mevcut geni\u015f donan\u0131m ve yaz\u0131l\u0131m yelpazesi i\u00e7inden sizin i\u00e7in en uygun \u00e7\u00f6z\u00fcm\u00fc olu\u015fturmakt\u0131r. h\u0131zl\u0131 teslimat uygun fiyat tek elden servis ve dan\u0131\u015fmanl\u0131k size yak\u0131nl\u0131k<\/p>\n","protected":false},"author":2,"featured_media":0,"parent":16,"menu_order":0,"comment_status":"closed","ping_status":"closed","template":"","meta":{"footnotes":""},"class_list":["post-18","page","type-page","status-publish","hentry"],"_links":{"self":[{"href":"https:\/\/yuki-it.biz\/index.php\/wp-json\/wp\/v2\/pages\/18","targetHints":{"allow":["GET"]}}],"collection":[{"href":"https:\/\/yuki-it.biz\/index.php\/wp-json\/wp\/v2\/pages"}],"about":[{"href":"https:\/\/yuki-it.biz\/index.php\/wp-json\/wp\/v2\/types\/page"}],"author":[{"embeddable":true,"href":"https:\/\/yuki-it.biz\/index.php\/wp-json\/wp\/v2\/users\/2"}],"replies":[{"embeddable":true,"href":"https:\/\/yuki-it.biz\/index.php\/wp-json\/wp\/v2\/comments?post=18"}],"version-history":[{"count":1,"href":"https:\/\/yuki-it.biz\/index.php\/wp-json\/wp\/v2\/pages\/18\/revisions"}],"predecessor-version":[{"id":19,"href":"https:\/\/yuki-it.biz\/index.php\/wp-json\/wp\/v2\/pages\/18\/revisions\/19"}],"up":[{"embeddable":true,"href":"https:\/\/yuki-it.biz\/index.php\/wp-json\/wp\/v2\/pages\/16"}],"wp:attachment":[{"href":"https:\/\/yuki-it.biz\/index.php\/wp-json\/wp\/v2\/media?parent=18"}],"curies":[{"name":"wp","href":"https:\/\/api.w.org\/{rel}","templated":true}]}}