{"id":20,"date":"2026-04-11T20:24:07","date_gmt":"2026-04-11T17:24:07","guid":{"rendered":"https:\/\/yuki-it.biz\/?page_id=20"},"modified":"2026-04-11T20:24:07","modified_gmt":"2026-04-11T17:24:07","slug":"servis-ve-bakim","status":"publish","type":"page","link":"https:\/\/yuki-it.biz\/index.php\/hizmetler\/servis-ve-bakim\/","title":{"rendered":"Servis ve Bak\u0131m"},"content":{"rendered":"<p data-start=\"41\" data-end=\"197\"><strong data-start=\"41\" data-end=\"197\">Yeni bir bilgisayar sat\u0131n almay\u0131 d\u00fc\u015f\u00fcn\u00fcyor veya mevcut bilgisayar\u0131n\u0131z\u0131 y\u00fckseltmek istiyorsan\u0131z, bilgi ve tecr\u00fcbemizle size memnuniyetle yard\u0131mc\u0131 oluruz.<\/strong><\/p>\n<p data-start=\"199\" data-end=\"224\"><strong data-start=\"199\" data-end=\"224\">Sizin avantajlar\u0131n\u0131z:<\/strong><\/p>\n<ul data-start=\"226\" data-end=\"304\" data-is-last-node=\"\" data-is-only-node=\"\">\n<li data-start=\"226\" data-end=\"249\">\n<p data-start=\"228\" data-end=\"249\">h\u0131zl\u0131 ar\u0131za giderme<\/p>\n<\/li>\n<li data-start=\"250\" data-end=\"279\">\n<p data-start=\"252\" data-end=\"279\">uzun bekleme s\u00fcreleri yok<\/p>\n<\/li>\n<li data-start=\"280\" data-end=\"304\" data-is-last-node=\"\">\n<p data-start=\"282\" data-end=\"304\" data-is-last-node=\"\">zaman ve yol tasarrufu<\/p>\n<\/li>\n<\/ul>\n","protected":false},"excerpt":{"rendered":"<p>Yeni bir bilgisayar sat\u0131n almay\u0131 d\u00fc\u015f\u00fcn\u00fcyor veya mevcut bilgisayar\u0131n\u0131z\u0131 y\u00fckseltmek istiyorsan\u0131z, bilgi ve tecr\u00fcbemizle size memnuniyetle yard\u0131mc\u0131 oluruz. Sizin avantajlar\u0131n\u0131z: h\u0131zl\u0131 ar\u0131za giderme uzun bekleme s\u00fcreleri yok zaman ve yol tasarrufu<\/p>\n","protected":false},"author":2,"featured_media":0,"parent":16,"menu_order":0,"comment_status":"closed","ping_status":"closed","template":"","meta":{"footnotes":""},"class_list":["post-20","page","type-page","status-publish","hentry"],"_links":{"self":[{"href":"https:\/\/yuki-it.biz\/index.php\/wp-json\/wp\/v2\/pages\/20","targetHints":{"allow":["GET"]}}],"collection":[{"href":"https:\/\/yuki-it.biz\/index.php\/wp-json\/wp\/v2\/pages"}],"about":[{"href":"https:\/\/yuki-it.biz\/index.php\/wp-json\/wp\/v2\/types\/page"}],"author":[{"embeddable":true,"href":"https:\/\/yuki-it.biz\/index.php\/wp-json\/wp\/v2\/users\/2"}],"replies":[{"embeddable":true,"href":"https:\/\/yuki-it.biz\/index.php\/wp-json\/wp\/v2\/comments?post=20"}],"version-history":[{"count":1,"href":"https:\/\/yuki-it.biz\/index.php\/wp-json\/wp\/v2\/pages\/20\/revisions"}],"predecessor-version":[{"id":21,"href":"https:\/\/yuki-it.biz\/index.php\/wp-json\/wp\/v2\/pages\/20\/revisions\/21"}],"up":[{"embeddable":true,"href":"https:\/\/yuki-it.biz\/index.php\/wp-json\/wp\/v2\/pages\/16"}],"wp:attachment":[{"href":"https:\/\/yuki-it.biz\/index.php\/wp-json\/wp\/v2\/media?parent=20"}],"curies":[{"name":"wp","href":"https:\/\/api.w.org\/{rel}","templated":true}]}}