{"id":24,"date":"2026-04-11T20:26:14","date_gmt":"2026-04-11T17:26:14","guid":{"rendered":"https:\/\/yuki-it.biz\/?page_id=24"},"modified":"2026-04-11T20:26:14","modified_gmt":"2026-04-11T17:26:14","slug":"ag-teknolojisi","status":"publish","type":"page","link":"https:\/\/yuki-it.biz\/index.php\/hizmetler\/ag-teknolojisi\/","title":{"rendered":"A\u011f Teknolojisi"},"content":{"rendered":"<p data-start=\"37\" data-end=\"236\"><strong data-start=\"37\" data-end=\"236\">Ofis g\u00fcn\u00fcn\u00fcz\u00fc daha verimli hale getirin. Bilgisayarlar\u0131n\u0131z\u0131 birbirine ba\u011flay\u0131n. Birden fazla bilgisayar\u0131n ayn\u0131 \u00e7evre birimini kullanmas\u0131 sayesinde yer tasarrufu sa\u011flayan \u00e7\u00f6z\u00fcmler ve daha fazlas\u0131.<\/strong><\/p>\n<p data-start=\"238\" data-end=\"518\"><strong data-start=\"238\" data-end=\"518\">\u00d6zellikle ihtiya\u00e7lar\u0131n\u0131za g\u00f6re haz\u0131rlanm\u0131\u015f bir a\u011f \u00e7\u00f6z\u00fcm\u00fc olu\u015fturma konusunda dan\u0131\u015fmanl\u0131k sunuyoruz. Planlamadan kablolamaya, a\u011f\u0131n\u0131z\u0131n yap\u0131land\u0131r\u0131lmas\u0131na kadar her \u015feyi tek elden sa\u011fl\u0131yoruz. \u00d6zellikle g\u00fcvenlik duvar\u0131 (firewall) ve y\u00f6nlendiricilerin (router) kurulumu ve bak\u0131m\u0131.<\/strong><\/p>\n<p data-start=\"520\" data-end=\"799\" data-is-last-node=\"\" data-is-only-node=\"\"><strong data-start=\"520\" data-end=\"799\" data-is-last-node=\"\">T\u00fcm bilgisayarlar\u0131n\u0131z\u0131n tek bir internet ba\u011flant\u0131s\u0131na eri\u015fmesini sa\u011flay\u0131n. Size bunun nas\u0131l yap\u0131laca\u011f\u0131n\u0131 g\u00f6steriyoruz.<br data-start=\"640\" data-end=\"643\" \/>Elbette a\u011f\u0131n\u0131z\u0131 y\u00f6netiyor, g\u00fcncellemeler ve yeniliklerle ilgileniyoruz,<br data-start=\"714\" data-end=\"717\" \/>size kapsaml\u0131 dan\u0131\u015fmanl\u0131k sunuyor ve beklentilerinize uygun \u00e7\u00f6z\u00fcmler \u00f6neriyoruz.<\/strong><\/p>\n","protected":false},"excerpt":{"rendered":"<p>Ofis g\u00fcn\u00fcn\u00fcz\u00fc daha verimli hale getirin. Bilgisayarlar\u0131n\u0131z\u0131 birbirine ba\u011flay\u0131n. Birden fazla bilgisayar\u0131n ayn\u0131 \u00e7evre birimini kullanmas\u0131 sayesinde yer tasarrufu sa\u011flayan \u00e7\u00f6z\u00fcmler ve daha fazlas\u0131. \u00d6zellikle ihtiya\u00e7lar\u0131n\u0131za g\u00f6re haz\u0131rlanm\u0131\u015f bir a\u011f \u00e7\u00f6z\u00fcm\u00fc olu\u015fturma konusunda dan\u0131\u015fmanl\u0131k sunuyoruz. Planlamadan kablolamaya, a\u011f\u0131n\u0131z\u0131n yap\u0131land\u0131r\u0131lmas\u0131na kadar her \u015feyi tek elden sa\u011fl\u0131yoruz. \u00d6zellikle g\u00fcvenlik duvar\u0131 (firewall) ve y\u00f6nlendiricilerin (router) kurulumu ve bak\u0131m\u0131. &hellip; <a href=\"https:\/\/yuki-it.biz\/index.php\/hizmetler\/ag-teknolojisi\/\" class=\"more-link\"><span class=\"screen-reader-text\">A\u011f Teknolojisi<\/span> yaz\u0131s\u0131na devam et <span class=\"meta-nav\">&rarr;<\/span><\/a><\/p>\n","protected":false},"author":2,"featured_media":0,"parent":16,"menu_order":0,"comment_status":"closed","ping_status":"closed","template":"","meta":{"footnotes":""},"class_list":["post-24","page","type-page","status-publish","hentry"],"_links":{"self":[{"href":"https:\/\/yuki-it.biz\/index.php\/wp-json\/wp\/v2\/pages\/24","targetHints":{"allow":["GET"]}}],"collection":[{"href":"https:\/\/yuki-it.biz\/index.php\/wp-json\/wp\/v2\/pages"}],"about":[{"href":"https:\/\/yuki-it.biz\/index.php\/wp-json\/wp\/v2\/types\/page"}],"author":[{"embeddable":true,"href":"https:\/\/yuki-it.biz\/index.php\/wp-json\/wp\/v2\/users\/2"}],"replies":[{"embeddable":true,"href":"https:\/\/yuki-it.biz\/index.php\/wp-json\/wp\/v2\/comments?post=24"}],"version-history":[{"count":1,"href":"https:\/\/yuki-it.biz\/index.php\/wp-json\/wp\/v2\/pages\/24\/revisions"}],"predecessor-version":[{"id":25,"href":"https:\/\/yuki-it.biz\/index.php\/wp-json\/wp\/v2\/pages\/24\/revisions\/25"}],"up":[{"embeddable":true,"href":"https:\/\/yuki-it.biz\/index.php\/wp-json\/wp\/v2\/pages\/16"}],"wp:attachment":[{"href":"https:\/\/yuki-it.biz\/index.php\/wp-json\/wp\/v2\/media?parent=24"}],"curies":[{"name":"wp","href":"https:\/\/api.w.org\/{rel}","templated":true}]}}